{"id":237446,"date":"2021-06-17T18:03:49","date_gmt":"2021-06-17T18:03:49","guid":{"rendered":"https:\/\/eocycle.com\/?page_id=237446"},"modified":"2026-01-07T10:09:45","modified_gmt":"2026-01-07T15:09:45","slug":"contact-3","status":"publish","type":"page","link":"https:\/\/eocycle.com\/fr\/contact-3\/","title":{"rendered":"Confirmation d&rsquo;abonnement"},"content":{"rendered":"\t\t<div class=\"et_pb_section et_pb_with_background et_section_regular breadcrumbs_section\">\n\t\t\t<div class=\" et_pb_row breadcrumbs_row\">\t\n\t\t\t\t<div class=\"et_pb_column et_pb_column_4_4 breadcrumbs_column\">\n\t\t\t\t\t<div class=\"et_pb_code et_pb_module breadcrumbs_module\">\n\t\t\t\t\t\t\t\t\t\t\t<\/div> <!-- .et_pb_code -->\n\t\t\t\t<\/div> <!-- .et_pb_column -->\t\t\t\n\t\t\t<\/div> <!-- .et_pb_row -->\t\n\t\t<\/div>\t\t\t\n\t\t<p>[et_pb_section fb_built=\u00a0\u00bb1&Prime; custom_padding_last_edited=\u00a0\u00bbon|phone\u00a0\u00bb admin_label=\u00a0\u00bbsection\u00a0\u00bb _builder_version=\u00a0\u00bb4.9.4&Prime; background_color=\u00a0\u00bbrgba(0,0,0,0)\u00a0\u00bb use_background_color_gradient=\u00a0\u00bbon\u00a0\u00bb background_color_gradient_start=\u00a0\u00bbrgba(10,0,0,0)\u00a0\u00bb background_color_gradient_end=\u00a0\u00bbrgba(0,0,0,0.37)\u00a0\u00bb background_color_gradient_overlays_image=\u00a0\u00bbon\u00a0\u00bb background_image=\u00a0\u00bbhttps:\/\/eocycle.com\/wp-content\/uploads\/2020\/04\/carmine-savarese-KVVpx8M10OY-unsplash.jpg\u00a0\u00bb parallax=\u00a0\u00bbon\u00a0\u00bb min_height=\u00a0\u00bb380px\u00a0\u00bb height=\u00a0\u00bb22vw\u00a0\u00bb custom_margin=\u00a0\u00bb-200px||5%||false|false\u00a0\u00bb custom_margin_tablet=\u00a0\u00bb\u00a0\u00bb custom_margin_phone=\u00a0\u00bb||-10%||false|false\u00a0\u00bb custom_margin_last_edited=\u00a0\u00bbon|phone\u00a0\u00bb custom_padding=\u00a0\u00bb||||false|false\u00a0\u00bb custom_padding_tablet=\u00a0\u00bb50px|0|50px|0&Prime; custom_padding_phone=\u00a0\u00bb370px||0px||false|false\u00a0\u00bb bottom_divider_style=\u00a0\u00bbwave2&Prime; bottom_divider_color=\u00a0\u00bb#FFFFFF\u00a0\u00bb border_color_bottom=\u00a0\u00bbrgba(0,0,0,0)\u00a0\u00bb transparent_background=\u00a0\u00bboff\u00a0\u00bb make_fullwidth=\u00a0\u00bboff\u00a0\u00bb use_custom_width=\u00a0\u00bboff\u00a0\u00bb width_unit=\u00a0\u00bbon\u00a0\u00bb global_module=\u00a0\u00bb6731&Prime; saved_tabs=\u00a0\u00bball\u00a0\u00bb locked=\u00a0\u00bboff\u00a0\u00bb][et_pb_row admin_label=\u00a0\u00bbrow\u00a0\u00bb _builder_version=\u00a0\u00bb4.4.0&Prime; background_size=\u00a0\u00bbinitial\u00a0\u00bb background_position=\u00a0\u00bbtop_left\u00a0\u00bb background_repeat=\u00a0\u00bbrepeat\u00a0\u00bb custom_margin=\u00a0\u00bb|auto|6px|auto||\u00a0\u00bb custom_css_main_element=\u00a0\u00bbposition: absolute !important;||bottom: 15%;||top: auto;||left: 0;||right: 0;||margin:auto;\u00a0\u00bb][et_pb_column type=\u00a0\u00bb4_4&Prime; _builder_version=\u00a0\u00bb4.4.0&Prime; custom_padding=\u00a0\u00bb|||\u00a0\u00bb custom_padding__hover=\u00a0\u00bb|||\u00a0\u00bb][et_pb_text admin_label=\u00a0\u00bbTitre page\u00a0\u00bb _builder_version=\u00a0\u00bb4.9.4&Prime; text_font=\u00a0\u00bbRighteous||||\u00a0\u00bb header_font_size=\u00a0\u00bb60px\u00a0\u00bb background_size=\u00a0\u00bbinitial\u00a0\u00bb background_position=\u00a0\u00bbtop_left\u00a0\u00bb background_repeat=\u00a0\u00bbrepeat\u00a0\u00bb background_layout=\u00a0\u00bbdark\u00a0\u00bb custom_margin=\u00a0\u00bb||0px|\u00a0\u00bb custom_padding=\u00a0\u00bb||||false|false\u00a0\u00bb use_border_color=\u00a0\u00bboff\u00a0\u00bb border_color=\u00a0\u00bb#ffffff\u00a0\u00bb border_style=\u00a0\u00bbsolid\u00a0\u00bb]<\/p>\n<h1>Confirmation d&rsquo;abonnement<\/h1>\n<p>[\/et_pb_text][et_pb_text _builder_version=\u00a0\u00bb4.9.7&Prime; text_font=\u00a0\u00bb|600|||||||\u00a0\u00bb text_text_color=\u00a0\u00bb#ffffff\u00a0\u00bb hover_enabled=\u00a0\u00bb0&Prime; sticky_enabled=\u00a0\u00bb0&Prime;][\/et_pb_text][\/et_pb_column][\/et_pb_row][\/et_pb_section][et_pb_section fb_built=\u00a0\u00bb1&Prime; next_background_color=\u00a0\u00bb#ffffff\u00a0\u00bb admin_label=\u00a0\u00bbsection\u00a0\u00bb _builder_version=\u00a0\u00bb4.9.4&Prime; background_color=\u00a0\u00bbrgba(0,0,0,0)\u00a0\u00bb background_enable_image=\u00a0\u00bboff\u00a0\u00bb background_position=\u00a0\u00bbtop_center\u00a0\u00bb custom_margin=\u00a0\u00bb-8%||||false|false\u00a0\u00bb custom_padding=\u00a0\u00bb5%||||false|false\u00a0\u00bb bottom_divider_style=\u00a0\u00bbwave2&Prime;][et_pb_row column_padding_mobile=\u00a0\u00bbon\u00a0\u00bb custom_padding_last_edited=\u00a0\u00bbon|desktop\u00a0\u00bb admin_label=\u00a0\u00bbLigne\u00a0\u00bb _builder_version=\u00a0\u00bb4.9.4&Prime; background_size=\u00a0\u00bbinitial\u00a0\u00bb background_position=\u00a0\u00bbtop_left\u00a0\u00bb background_repeat=\u00a0\u00bbrepeat\u00a0\u00bb custom_margin=\u00a0\u00bb||2em||false|false\u00a0\u00bb custom_padding=\u00a0\u00bb||3em||false|false\u00a0\u00bb custom_padding_tablet=\u00a0\u00bb\u00a0\u00bb custom_padding_phone=\u00a0\u00bb\u00a0\u00bb custom_css_main_element=\u00a0\u00bbpadding-bottom:0 !important;\u00a0\u00bb border_color_all=\u00a0\u00bb#00ab9f\u00a0\u00bb border_width_bottom=\u00a0\u00bb1px\u00a0\u00bb make_fullwidth=\u00a0\u00bboff\u00a0\u00bb use_custom_width=\u00a0\u00bboff\u00a0\u00bb width_unit=\u00a0\u00bbon\u00a0\u00bb][et_pb_column type=\u00a0\u00bb4_4&Prime; _builder_version=\u00a0\u00bb4.4.0&Prime; custom_padding=\u00a0\u00bb|||\u00a0\u00bb custom_padding__hover=\u00a0\u00bb|||\u00a0\u00bb][et_pb_text admin_label=\u00a0\u00bbTexte\u00a0\u00bb _builder_version=\u00a0\u00bb4.9.4&Prime; text_font_size=\u00a0\u00bb21px\u00a0\u00bb text_line_height=\u00a0\u00bb1.6em\u00a0\u00bb header_2_font_size=\u00a0\u00bb46px\u00a0\u00bb custom_margin=\u00a0\u00bb-0.35em||||false|false\u00a0\u00bb custom_padding=\u00a0\u00bb|||1em|false|false\u00a0\u00bb border_color_all=\u00a0\u00bb#00ab9f\u00a0\u00bb border_width_left=\u00a0\u00bb5px\u00a0\u00bb use_border_color=\u00a0\u00bboff\u00a0\u00bb border_color=\u00a0\u00bb#ffffff\u00a0\u00bb border_style=\u00a0\u00bbsolid\u00a0\u00bb]<\/p>\n<p>Merci de vous \u00eatre abonn\u00e9 \u00e0 notre newsletter. <\/p>\n<p>[\/et_pb_text][\/et_pb_column][\/et_pb_row][\/et_pb_section]<\/p>\n","protected":false},"excerpt":{"rendered":"<p>Confirmation d&rsquo;abonnementMerci de vous \u00eatre abonn\u00e9 \u00e0 notre newsletter.<\/p>\n","protected":false},"author":15,"featured_media":0,"parent":0,"menu_order":106,"comment_status":"closed","ping_status":"closed","template":"","meta":{"_et_pb_use_builder":"on","_et_pb_old_content":"<p>[et_pb_section fb_built=\"1\" custom_padding_last_edited=\"on|phone\" admin_label=\"section\" _builder_version=\"4.4.0\" background_color=\"rgba(0,0,0,0)\" use_background_color_gradient=\"on\" background_color_gradient_start=\"rgba(10,0,0,0)\" background_color_gradient_end=\"rgba(0,0,0,0.37)\" background_color_gradient_overlays_image=\"on\" background_image=\"https:\/\/eocycle.com\/wp-content\/uploads\/2020\/04\/carmine-savarese-KVVpx8M10OY-unsplash-scaled.jpg\" parallax=\"on\" min_height=\"380px\" height=\"20vw\" custom_margin=\"-200px||5%||false|false\" custom_padding=\"||||false|false\" custom_padding_tablet=\"50px|0|50px|0\" custom_padding_phone=\"370px||0px||false|false\" border_color_bottom=\"rgba(0,0,0,0)\" transparent_background=\"off\" make_fullwidth=\"off\" use_custom_width=\"off\" width_unit=\"on\" locked=\"off\" custom_margin_phone=\"||-10%||false|false\" custom_margin_last_edited=\"on|phone\"][et_pb_row admin_label=\"row\" _builder_version=\"4.4.0\" background_size=\"initial\" background_position=\"top_left\" background_repeat=\"repeat\" custom_margin=\"|auto|6px|auto||\" custom_css_main_element=\"position: absolute !important;||bottom: 15%;||top: auto;||left: 0;||right: 0;||margin:auto;\"][et_pb_column type=\"4_4\" _builder_version=\"4.4.0\" custom_padding=\"|||\" custom_padding__hover=\"|||\"][et_pb_text admin_label=\"Titre page\" _builder_version=\"4.4.0\" text_font=\"Righteous||||\" header_font_size=\"60px\" background_size=\"initial\" background_position=\"top_left\" background_repeat=\"repeat\" background_layout=\"dark\" custom_margin=\"||0px|\" custom_padding=\"||||false|false\" use_border_color=\"off\" border_color=\"#ffffff\" border_style=\"solid\"]<\/p><h1>Contact Our Team<\/h1><p>[\/et_pb_text][et_pb_text _builder_version=\"4.4.0\" text_font=\"|600|||||||\" text_text_color=\"#ffffff\"]<\/p><p>Let\u2019s shape the future together. Entrust us with your project.<\/p><p>[\/et_pb_text][\/et_pb_column][\/et_pb_row][\/et_pb_section][et_pb_section fb_built=\"1\" admin_label=\"section\" _builder_version=\"3.22\" background_color=\"rgba(0,0,0,0)\" background_image=\"https:\/\/eocycle.com\/wp-content\/uploads\/2020\/03\/bg-white.png\" background_position=\"top_center\" custom_margin=\"-8%||||false|false\" custom_padding=\"5%||||false|false\"][et_pb_row column_structure=\"1_2,1_4,1_4\" column_padding_mobile=\"on\" custom_padding_last_edited=\"on|desktop\" admin_label=\"Ligne\" _builder_version=\"4.4.0\" background_size=\"initial\" background_position=\"top_left\" background_repeat=\"repeat\" custom_margin=\"||2em||false|false\" custom_padding=\"||3em||false|false\" custom_padding_tablet=\"\" custom_padding_phone=\"\" custom_css_main_element=\"padding-bottom:0 !important;\" border_color_all=\"#00ab9f\" border_width_bottom=\"1px\" make_fullwidth=\"off\" use_custom_width=\"off\" width_unit=\"on\"][et_pb_column type=\"1_2\" _builder_version=\"4.4.0\" custom_padding=\"|||\" custom_padding__hover=\"|||\"][et_pb_text admin_label=\"Texte\" _builder_version=\"4.4.0\" text_font_size=\"21px\" text_line_height=\"1.6em\" header_2_font_size=\"46px\" custom_margin=\"-0.35em||||false|false\" custom_padding=\"|||1em|false|false\" border_color_all=\"#00ab9f\" border_width_left=\"5px\" use_border_color=\"off\" border_color=\"#ffffff\" border_style=\"solid\"]Whether you want to buy a wind turbine, become a reseller, obtain the complete specifications of our products or for any other reason, please contact us at your convenience using the form below.<br \/>[\/et_pb_text][\/et_pb_column][et_pb_column type=\"1_4\" _builder_version=\"3.25\" custom_padding=\"|||\" custom_padding__hover=\"|||\"][et_pb_text _builder_version=\"4.4.0\"]<\/p><h4>Contact Info<\/h4><p>[\/et_pb_text][et_pb_text admin_label=\"Coordonn\u00e9es\" _builder_version=\"4.4.0\" text_font_size=\"16px\" text_line_height=\"1.6em\" header_2_font_size=\"46px\" custom_margin=\"||||false|false\" custom_padding=\"|||1em|false|false\" border_color_all=\"#00ab9f\" border_width_left=\"2px\" border_color_left=\"#e0e0e0\" use_border_color=\"off\"]<\/p><p>10250 Louis-H. Lafontaine,<br \/>Montreal (Quebec) Canada<br \/>H1J 2T3<\/p><p>[\/et_pb_text][\/et_pb_column][et_pb_column type=\"1_4\" _builder_version=\"3.25\" custom_padding=\"|||\" custom_padding__hover=\"|||\"][et_pb_text _builder_version=\"4.4.0\"]<\/p><h4>\u00a0<\/h4><p>[\/et_pb_text][et_pb_text _builder_version=\"4.4.0\" text_font_size=\"16px\" text_line_height=\"1.6em\" header_2_font_size=\"46px\" custom_margin=\"||||false|false\" custom_padding=\"|||1em|false|false\" border_color_all=\"#00ab9f\" border_width_left=\"2px\" border_color_left=\"#e0e0e0\"]<\/p><p>Telephone: (514) 353-1551<br \/><a href=\"mailto:info@eocycle.com\">info@eocycle.com<\/a><\/p><p>[\/et_pb_text][\/et_pb_column][\/et_pb_row][et_pb_row admin_label=\"Ligne\" _builder_version=\"3.25\" background_size=\"initial\" background_position=\"top_left\" background_repeat=\"repeat\"][et_pb_column type=\"4_4\" _builder_version=\"3.25\" custom_padding=\"|||\" custom_padding__hover=\"|||\"][et_pb_text admin_label=\"Formulaire de contact\" _builder_version=\"3.27.4\" background_size=\"initial\" background_position=\"top_left\" background_repeat=\"repeat\" use_border_color=\"off\" border_color=\"#ffffff\" border_style=\"solid\"][gravityform id=\"3\" title=\"false\" description=\"false\" ajax=\"true\"]<br \/>[\/et_pb_text][\/et_pb_column][\/et_pb_row][\/et_pb_section]<\/p>","_et_gb_content_width":"","content-type":"","inline_featured_image":false,"footnotes":""},"categories":[],"tags":[],"class_list":["post-237446","page","type-page","status-publish","hentry"],"yoast_head":"<!-- This site is optimized with the Yoast SEO plugin v27.2 - https:\/\/yoast.com\/product\/yoast-seo-wordpress\/ -->\n<title>Confirmation d&#039;abonnement | Eocycle<\/title>\n<meta name=\"robots\" content=\"index, follow, max-snippet:-1, max-image-preview:large, max-video-preview:-1\" \/>\n<link rel=\"canonical\" href=\"https:\/\/eocycle.com\/fr\/contact-3\/\" \/>\n<meta property=\"og:locale\" content=\"fr_FR\" \/>\n<meta property=\"og:type\" content=\"article\" \/>\n<meta property=\"og:title\" content=\"Confirmation d&#039;abonnement | Eocycle\" \/>\n<meta property=\"og:description\" content=\"Confirmation d&#039;abonnementMerci de vous \u00eatre abonn\u00e9 \u00e0 notre newsletter.\" \/>\n<meta property=\"og:url\" content=\"https:\/\/eocycle.com\/fr\/contact-3\/\" \/>\n<meta property=\"og:site_name\" content=\"Eocycle\" \/>\n<meta property=\"article:modified_time\" content=\"2026-01-07T15:09:45+00:00\" \/>\n<meta name=\"twitter:card\" content=\"summary_large_image\" \/>\n<meta name=\"twitter:label1\" content=\"Dur\u00e9e de lecture estim\u00e9e\" \/>\n\t<meta name=\"twitter:data1\" content=\"2 minutes\" \/>\n<script type=\"application\/ld+json\" class=\"yoast-schema-graph\">{\"@context\":\"https:\/\/schema.org\",\"@graph\":[{\"@type\":\"WebPage\",\"@id\":\"https:\/\/eocycle.com\/fr\/contact-3\/\",\"url\":\"https:\/\/eocycle.com\/fr\/contact-3\/\",\"name\":\"Confirmation d'abonnement | Eocycle\",\"isPartOf\":{\"@id\":\"https:\/\/eocycle.com\/fr\/#website\"},\"datePublished\":\"2021-06-17T18:03:49+00:00\",\"dateModified\":\"2026-01-07T15:09:45+00:00\",\"breadcrumb\":{\"@id\":\"https:\/\/eocycle.com\/fr\/contact-3\/#breadcrumb\"},\"inLanguage\":\"fr-FR\",\"potentialAction\":[{\"@type\":\"ReadAction\",\"target\":[\"https:\/\/eocycle.com\/fr\/contact-3\/\"]}]},{\"@type\":\"BreadcrumbList\",\"@id\":\"https:\/\/eocycle.com\/fr\/contact-3\/#breadcrumb\",\"itemListElement\":[{\"@type\":\"ListItem\",\"position\":1,\"name\":\"Home\",\"item\":\"https:\/\/eocycle.com\/fr\/\"},{\"@type\":\"ListItem\",\"position\":2,\"name\":\"Confirmation d&#8217;abonnement\"}]},{\"@type\":\"WebSite\",\"@id\":\"https:\/\/eocycle.com\/fr\/#website\",\"url\":\"https:\/\/eocycle.com\/fr\/\",\"name\":\"Eocycle\",\"description\":\"Just another WordPress site\",\"potentialAction\":[{\"@type\":\"SearchAction\",\"target\":{\"@type\":\"EntryPoint\",\"urlTemplate\":\"https:\/\/eocycle.com\/fr\/?s={search_term_string}\"},\"query-input\":{\"@type\":\"PropertyValueSpecification\",\"valueRequired\":true,\"valueName\":\"search_term_string\"}}],\"inLanguage\":\"fr-FR\"}]}<\/script>\n<!-- \/ Yoast SEO plugin. -->","yoast_head_json":{"title":"Confirmation d'abonnement | Eocycle","robots":{"index":"index","follow":"follow","max-snippet":"max-snippet:-1","max-image-preview":"max-image-preview:large","max-video-preview":"max-video-preview:-1"},"canonical":"https:\/\/eocycle.com\/fr\/contact-3\/","og_locale":"fr_FR","og_type":"article","og_title":"Confirmation d'abonnement | Eocycle","og_description":"Confirmation d'abonnementMerci de vous \u00eatre abonn\u00e9 \u00e0 notre newsletter.","og_url":"https:\/\/eocycle.com\/fr\/contact-3\/","og_site_name":"Eocycle","article_modified_time":"2026-01-07T15:09:45+00:00","twitter_card":"summary_large_image","twitter_misc":{"Dur\u00e9e de lecture estim\u00e9e":"2 minutes"},"schema":{"@context":"https:\/\/schema.org","@graph":[{"@type":"WebPage","@id":"https:\/\/eocycle.com\/fr\/contact-3\/","url":"https:\/\/eocycle.com\/fr\/contact-3\/","name":"Confirmation d'abonnement | Eocycle","isPartOf":{"@id":"https:\/\/eocycle.com\/fr\/#website"},"datePublished":"2021-06-17T18:03:49+00:00","dateModified":"2026-01-07T15:09:45+00:00","breadcrumb":{"@id":"https:\/\/eocycle.com\/fr\/contact-3\/#breadcrumb"},"inLanguage":"fr-FR","potentialAction":[{"@type":"ReadAction","target":["https:\/\/eocycle.com\/fr\/contact-3\/"]}]},{"@type":"BreadcrumbList","@id":"https:\/\/eocycle.com\/fr\/contact-3\/#breadcrumb","itemListElement":[{"@type":"ListItem","position":1,"name":"Home","item":"https:\/\/eocycle.com\/fr\/"},{"@type":"ListItem","position":2,"name":"Confirmation d&#8217;abonnement"}]},{"@type":"WebSite","@id":"https:\/\/eocycle.com\/fr\/#website","url":"https:\/\/eocycle.com\/fr\/","name":"Eocycle","description":"Just another WordPress site","potentialAction":[{"@type":"SearchAction","target":{"@type":"EntryPoint","urlTemplate":"https:\/\/eocycle.com\/fr\/?s={search_term_string}"},"query-input":{"@type":"PropertyValueSpecification","valueRequired":true,"valueName":"search_term_string"}}],"inLanguage":"fr-FR"}]}},"_links":{"self":[{"href":"https:\/\/eocycle.com\/fr\/wp-json\/wp\/v2\/pages\/237446","targetHints":{"allow":["GET"]}}],"collection":[{"href":"https:\/\/eocycle.com\/fr\/wp-json\/wp\/v2\/pages"}],"about":[{"href":"https:\/\/eocycle.com\/fr\/wp-json\/wp\/v2\/types\/page"}],"author":[{"embeddable":true,"href":"https:\/\/eocycle.com\/fr\/wp-json\/wp\/v2\/users\/15"}],"replies":[{"embeddable":true,"href":"https:\/\/eocycle.com\/fr\/wp-json\/wp\/v2\/comments?post=237446"}],"version-history":[{"count":0,"href":"https:\/\/eocycle.com\/fr\/wp-json\/wp\/v2\/pages\/237446\/revisions"}],"wp:attachment":[{"href":"https:\/\/eocycle.com\/fr\/wp-json\/wp\/v2\/media?parent=237446"}],"wp:term":[{"taxonomy":"category","embeddable":true,"href":"https:\/\/eocycle.com\/fr\/wp-json\/wp\/v2\/categories?post=237446"},{"taxonomy":"post_tag","embeddable":true,"href":"https:\/\/eocycle.com\/fr\/wp-json\/wp\/v2\/tags?post=237446"}],"curies":[{"name":"wp","href":"https:\/\/api.w.org\/{rel}","templated":true}]}}